{"id":5328,"date":"2017-02-20T09:22:17","date_gmt":"2017-02-20T08:22:17","guid":{"rendered":"https:\/\/mtsa.nl\/disclaimer\/"},"modified":"2020-05-11T11:08:36","modified_gmt":"2020-05-11T10:08:36","slug":"disclaimer","status":"publish","type":"page","link":"https:\/\/mtsa.nl\/de\/disclaimer\/","title":{"rendered":"Disclaimer"},"content":{"rendered":"<p><strong>Bedingungen f\u00fcr die Nutzung dieser Website<\/strong><\/p>\n<p>Diese Bedingungen finden Anwendung auf die Nutzung der Website von MTSA Technopower 5.0. Durch den Zugang zu dieser Website wie auch zu dem darin enthaltenen Informationsmaterial erkl\u00e4rt sich der Nutzer automatisch mit diesen Bedingungen einverstanden.<\/p>\n<p><strong>Informationen Disclaimer<\/strong><\/p>\n<p>Diese Website dient ausschlie\u00dflich der Nutzung allgemeiner Informationen. Die Informationen auf dieser Website sind auf keinen Fall als Empfehlung anzusehen. Die Informationen auf dieser Website werden durch MTSA Technopower 5.0 zusammengestellt und mit st\u00e4ndiger Sorgfalt gepflegt. MTSA Technopower 5.0 kann jedoch die Korrektheit und Vollst\u00e4ndigkeit der Informationen auf dieser Website nicht garantieren. Daher kann der Nutzer den Informationen auf dieser Website keine Rechte entnehmen. MTSA Technopower 5.0 kann in keiner Art und Weise f\u00fcr Sch\u00e4den, welcher Art auch immer, haftbar gemacht werden, die durch die Nutzung dieser Website oder durch die Nutzung der auf dieser Website ver\u00f6ffentlichten Informationen entstanden sind oder f\u00fcr Sch\u00e4den, die dadurch entstanden sind, dass Informationen nicht auf dieser Website ver\u00f6ffentlicht wurden.<\/p>\n<p>Die Website von MTSA Technopower 5.0 kann auf Websites Dritter verweisen und\/oder Hyperlinks Dritter enthalten. Diese Referenzen und Hyperlinks dienen nur der Information und wurden nach bestem Wissen und Gewissen von MTSA Technopower 5.0 selektiert. MTSA Technopower 5.0 gibt in keinem Fall Garantien und haftet nicht f\u00fcr den Inhalt, die Nutzung oder die Verf\u00fcgbarkeit derartiger Websites.<\/p>\n<p>MTSA Technopower 5.0 \u00fcbernimmt auch keinerlei Haftung f\u00fcr den rechtzeitigen Empfang oder die rechtzeitige Bearbeitung von E-Mails oder anderer elektronischer Berichte, die an MTSA Technopower 5.0 versandt wurden und ist auf keinerlei Art und Weise haftbar f\u00fcr Sch\u00e4den, die dadurch entstanden sind, dass an MTSA Technopower 5.0 versandte E-Mails oder andere elektronische Berichte nicht rechtzeitig empfangen oder nicht rechtzeitig bearbeitet wurden.<\/p>\n<p><strong>Intellektuelles Eigentum<\/strong><\/p>\n<p>Alle Rechte bez\u00fcglich des intellektuellen Eigentums (einschlie\u00dflich, jedoch nicht beschr\u00e4nkt auf Urheberrechte, Handelsmarken- und Datenbankrechte), bezogen auf Informationen, Texte, Bilder, Logos, Photos und Illustrationen auf dieser Website sowie in Bezug auf Layout und Entwurf, sind Eigentum von MTSA Technopower 5.0 und\/oder MTSA Technopower 5.0 hat daf\u00fcr eine Lizenz von anderen Eigent\u00fcmern oder deren Rechte erhalten. Die Informationen auf dieser Website dienen nur der pers\u00f6nlichen, jedoch nicht der kommerziellen Nutzung. Die Wiedergabe oder Ver\u00f6ffentlichung des Inhalts dieser Website (oder Teilen davon) f\u00fcr nicht pers\u00f6nliche und\/oder kommerzielle Nutzung, in welcher Form oder Art auch immer, ist ohne vorherige Zustimmung von MTSA Technopower 5.0 nicht erlaubt.<\/p>\n<p>Die Nutzung von Hyperlinks zur Website von MTSA Technopower 5.0 (oder zu Seiten dieser Website) ist nur nach vorheriger schriftlicher Zustimmung von MTSA Technopower 5.0 erlaubt. MTSA Technopower 5.0 akzeptiert keinen Hyperlink zu ihrer Website (oder zu Seiten ihrer Website), wenn Inhalt, Image oder Reputation der Gastwebsite nicht mit dem guten Ruf, der Reputation, dem Service oder den Produkten von MTSA Technopower 5.0 oder aber nicht mit dem Inhalt dieser Website zu vereinbaren sind. Die Beurteilung dessen unterliegt MTSA Technopower 5.0.<\/p>\n<p><strong>Datenschutz<\/strong><\/p>\n<p>MTSA Technopower 5.0 respektiert den Datenschutz aller Nutzer dieser Website und sorgt daf\u00fcr, dass alle pers\u00f6nlichen Informationen, die per E-Mail und\/oder Kontaktformular an MTSA Technopower 5.0 versandt wurden, vertraulich und gem\u00e4\u00df dem niederl\u00e4ndischen Datenschutzgesetz [Wet Bescherming Persoonsgegevens] verarbeitet werden.<\/p>\n<p>Sollten Sie noch weitere Fragen haben, senden Sie bitte eine E-Mail an: <a href=\"mailto:info@mtsa.nl\">info@mtsa.nl<\/a><\/p>\n","protected":false},"excerpt":{"rendered":"<p>Bedingungen f\u00fcr die Nutzung dieser Website Diese Bedingungen finden Anwendung auf die Nutzung der Website von MTSA Technopower 5.0. Durch den Zugang zu dieser Website wie auch zu dem darin enthaltenen Informationsmaterial erkl\u00e4rt sich der Nutzer automatisch mit diesen Bedingungen einverstanden. Informationen Disclaimer Diese Website dient ausschlie\u00dflich der Nutzung allgemeiner Informationen. Die Informationen auf dieser [&hellip;]<span class=\"readmorelink\"><a href=\"https:\/\/mtsa.nl\/de\/disclaimer\/\" class=\"button page_readmore\">Weiter lesen&nbsp;&raquo;<\/a><\/span>\n","protected":false},"author":1,"featured_media":0,"parent":0,"menu_order":4,"comment_status":"closed","ping_status":"closed","template":"","meta":{"footnotes":""},"class_list":["post-5328","page","type-page","status-publish","hentry"],"yoast_head":"<!-- This site is optimized with the Yoast SEO plugin v26.4 - https:\/\/yoast.com\/wordpress\/plugins\/seo\/ -->\n<title>Disclaimer - MTSA<\/title>\n<meta name=\"robots\" content=\"index, follow, max-snippet:-1, max-image-preview:large, max-video-preview:-1\" \/>\n<link rel=\"canonical\" href=\"https:\/\/mtsa.nl\/de\/disclaimer\/\" \/>\n<meta property=\"og:locale\" content=\"de_DE\" \/>\n<meta property=\"og:type\" content=\"article\" \/>\n<meta property=\"og:title\" content=\"Disclaimer - MTSA\" \/>\n<meta property=\"og:description\" content=\"Bedingungen f\u00fcr die Nutzung dieser Website Diese Bedingungen finden Anwendung auf die Nutzung der Website von MTSA Technopower 5.0. Durch den Zugang zu dieser Website wie auch zu dem darin enthaltenen Informationsmaterial erkl\u00e4rt sich der Nutzer automatisch mit diesen Bedingungen einverstanden. Informationen Disclaimer Diese Website dient ausschlie\u00dflich der Nutzung allgemeiner Informationen. Die Informationen auf dieser [&hellip;]\" \/>\n<meta property=\"og:url\" content=\"https:\/\/mtsa.nl\/de\/disclaimer\/\" \/>\n<meta property=\"og:site_name\" content=\"MTSA\" \/>\n<meta property=\"article:modified_time\" content=\"2020-05-11T10:08:36+00:00\" \/>\n<meta name=\"twitter:label1\" content=\"Gesch\u00e4tzte Lesezeit\" \/>\n\t<meta name=\"twitter:data1\" content=\"3\u00a0Minuten\" \/>\n<script type=\"application\/ld+json\" class=\"yoast-schema-graph\">{\"@context\":\"https:\/\/schema.org\",\"@graph\":[{\"@type\":\"WebPage\",\"@id\":\"https:\/\/mtsa.nl\/de\/disclaimer\/\",\"url\":\"https:\/\/mtsa.nl\/de\/disclaimer\/\",\"name\":\"Disclaimer - MTSA\",\"isPartOf\":{\"@id\":\"https:\/\/mtsa.nl\/de\/#website\"},\"datePublished\":\"2017-02-20T08:22:17+00:00\",\"dateModified\":\"2020-05-11T10:08:36+00:00\",\"breadcrumb\":{\"@id\":\"https:\/\/mtsa.nl\/de\/disclaimer\/#breadcrumb\"},\"inLanguage\":\"de\",\"potentialAction\":[{\"@type\":\"ReadAction\",\"target\":[\"https:\/\/mtsa.nl\/de\/disclaimer\/\"]}]},{\"@type\":\"BreadcrumbList\",\"@id\":\"https:\/\/mtsa.nl\/de\/disclaimer\/#breadcrumb\",\"itemListElement\":[{\"@type\":\"ListItem\",\"position\":1,\"name\":\"Home\",\"item\":\"https:\/\/mtsa.nl\/de\/\"},{\"@type\":\"ListItem\",\"position\":2,\"name\":\"Disclaimer\"}]},{\"@type\":\"WebSite\",\"@id\":\"https:\/\/mtsa.nl\/de\/#website\",\"url\":\"https:\/\/mtsa.nl\/de\/\",\"name\":\"MTSA\",\"description\":\"\",\"potentialAction\":[{\"@type\":\"SearchAction\",\"target\":{\"@type\":\"EntryPoint\",\"urlTemplate\":\"https:\/\/mtsa.nl\/de\/?s={search_term_string}\"},\"query-input\":{\"@type\":\"PropertyValueSpecification\",\"valueRequired\":true,\"valueName\":\"search_term_string\"}}],\"inLanguage\":\"de\"}]}<\/script>\n<!-- \/ Yoast SEO plugin. -->","yoast_head_json":{"title":"Disclaimer - MTSA","robots":{"index":"index","follow":"follow","max-snippet":"max-snippet:-1","max-image-preview":"max-image-preview:large","max-video-preview":"max-video-preview:-1"},"canonical":"https:\/\/mtsa.nl\/de\/disclaimer\/","og_locale":"de_DE","og_type":"article","og_title":"Disclaimer - MTSA","og_description":"Bedingungen f\u00fcr die Nutzung dieser Website Diese Bedingungen finden Anwendung auf die Nutzung der Website von MTSA Technopower 5.0. Durch den Zugang zu dieser Website wie auch zu dem darin enthaltenen Informationsmaterial erkl\u00e4rt sich der Nutzer automatisch mit diesen Bedingungen einverstanden. Informationen Disclaimer Diese Website dient ausschlie\u00dflich der Nutzung allgemeiner Informationen. Die Informationen auf dieser [&hellip;]","og_url":"https:\/\/mtsa.nl\/de\/disclaimer\/","og_site_name":"MTSA","article_modified_time":"2020-05-11T10:08:36+00:00","twitter_misc":{"Gesch\u00e4tzte Lesezeit":"3\u00a0Minuten"},"schema":{"@context":"https:\/\/schema.org","@graph":[{"@type":"WebPage","@id":"https:\/\/mtsa.nl\/de\/disclaimer\/","url":"https:\/\/mtsa.nl\/de\/disclaimer\/","name":"Disclaimer - MTSA","isPartOf":{"@id":"https:\/\/mtsa.nl\/de\/#website"},"datePublished":"2017-02-20T08:22:17+00:00","dateModified":"2020-05-11T10:08:36+00:00","breadcrumb":{"@id":"https:\/\/mtsa.nl\/de\/disclaimer\/#breadcrumb"},"inLanguage":"de","potentialAction":[{"@type":"ReadAction","target":["https:\/\/mtsa.nl\/de\/disclaimer\/"]}]},{"@type":"BreadcrumbList","@id":"https:\/\/mtsa.nl\/de\/disclaimer\/#breadcrumb","itemListElement":[{"@type":"ListItem","position":1,"name":"Home","item":"https:\/\/mtsa.nl\/de\/"},{"@type":"ListItem","position":2,"name":"Disclaimer"}]},{"@type":"WebSite","@id":"https:\/\/mtsa.nl\/de\/#website","url":"https:\/\/mtsa.nl\/de\/","name":"MTSA","description":"","potentialAction":[{"@type":"SearchAction","target":{"@type":"EntryPoint","urlTemplate":"https:\/\/mtsa.nl\/de\/?s={search_term_string}"},"query-input":{"@type":"PropertyValueSpecification","valueRequired":true,"valueName":"search_term_string"}}],"inLanguage":"de"}]}},"_links":{"self":[{"href":"https:\/\/mtsa.nl\/de\/wp-json\/wp\/v2\/pages\/5328","targetHints":{"allow":["GET"]}}],"collection":[{"href":"https:\/\/mtsa.nl\/de\/wp-json\/wp\/v2\/pages"}],"about":[{"href":"https:\/\/mtsa.nl\/de\/wp-json\/wp\/v2\/types\/page"}],"author":[{"embeddable":true,"href":"https:\/\/mtsa.nl\/de\/wp-json\/wp\/v2\/users\/1"}],"replies":[{"embeddable":true,"href":"https:\/\/mtsa.nl\/de\/wp-json\/wp\/v2\/comments?post=5328"}],"version-history":[{"count":0,"href":"https:\/\/mtsa.nl\/de\/wp-json\/wp\/v2\/pages\/5328\/revisions"}],"wp:attachment":[{"href":"https:\/\/mtsa.nl\/de\/wp-json\/wp\/v2\/media?parent=5328"}],"curies":[{"name":"wp","href":"https:\/\/api.w.org\/{rel}","templated":true}]}}